{"id":13,"date":"2020-06-09T12:31:42","date_gmt":"2020-06-09T10:31:42","guid":{"rendered":"http:\/\/reinfuss.pl\/?page_id=13"},"modified":"2020-07-07T09:27:28","modified_gmt":"2020-07-07T07:27:28","slug":"w-czym-sie-specjalizuje","status":"publish","type":"page","link":"http:\/\/reinfuss.pl\/index.php\/w-czym-sie-specjalizuje\/","title":{"rendered":"Zarz\u0105dzanie organizacj\u0105"},"content":{"rendered":"\t\t<div data-elementor-type=\"wp-page\" data-elementor-id=\"13\" class=\"elementor elementor-13\" data-elementor-post-type=\"page\">\n\t\t\t\t\t\t<section class=\"elementor-section elementor-top-section elementor-element elementor-element-6fa621a elementor-section-boxed elementor-section-height-default elementor-section-height-default\" data-id=\"6fa621a\" data-element_type=\"section\" data-settings=\"{&quot;background_background&quot;:&quot;classic&quot;}\">\n\t\t\t\t\t\t\t<div class=\"elementor-background-overlay\"><\/div>\n\t\t\t\t\t\t\t<div class=\"elementor-container elementor-column-gap-default\">\n\t\t\t\t\t<div class=\"elementor-column elementor-col-100 elementor-top-column elementor-element elementor-element-86ef056\" data-id=\"86ef056\" data-element_type=\"column\">\n\t\t\t<div class=\"elementor-widget-wrap elementor-element-populated\">\n\t\t\t\t\t\t<div class=\"elementor-element elementor-element-3991e63 elementor-widget elementor-widget-spacer\" data-id=\"3991e63\" data-element_type=\"widget\" data-widget_type=\"spacer.default\">\n\t\t\t\t<div class=\"elementor-widget-container\">\n\t\t\t\t\t\t\t<div class=\"elementor-spacer\">\n\t\t\t<div class=\"elementor-spacer-inner\"><\/div>\n\t\t<\/div>\n\t\t\t\t\t\t<\/div>\n\t\t\t\t<\/div>\n\t\t\t\t<div class=\"elementor-element elementor-element-fa8cfa4 elementor-widget elementor-widget-spacer\" data-id=\"fa8cfa4\" data-element_type=\"widget\" data-widget_type=\"spacer.default\">\n\t\t\t\t<div class=\"elementor-widget-container\">\n\t\t\t\t\t\t\t<div class=\"elementor-spacer\">\n\t\t\t<div class=\"elementor-spacer-inner\"><\/div>\n\t\t<\/div>\n\t\t\t\t\t\t<\/div>\n\t\t\t\t<\/div>\n\t\t\t\t\t<\/div>\n\t\t<\/div>\n\t\t\t\t\t<\/div>\n\t\t<\/section>\n\t\t\t\t<section class=\"elementor-section elementor-top-section elementor-element elementor-element-1e87052 elementor-section-boxed elementor-section-height-default elementor-section-height-default\" data-id=\"1e87052\" data-element_type=\"section\" data-settings=\"{&quot;background_background&quot;:&quot;classic&quot;}\">\n\t\t\t\t\t\t<div class=\"elementor-container elementor-column-gap-default\">\n\t\t\t\t\t<div class=\"elementor-column elementor-col-100 elementor-top-column elementor-element elementor-element-693cbe7\" data-id=\"693cbe7\" data-element_type=\"column\">\n\t\t\t<div class=\"elementor-widget-wrap elementor-element-populated\">\n\t\t\t\t\t\t<div class=\"elementor-element elementor-element-78887d3 elementor-widget elementor-widget-spacer\" data-id=\"78887d3\" data-element_type=\"widget\" data-widget_type=\"spacer.default\">\n\t\t\t\t<div class=\"elementor-widget-container\">\n\t\t\t\t\t\t\t<div class=\"elementor-spacer\">\n\t\t\t<div class=\"elementor-spacer-inner\"><\/div>\n\t\t<\/div>\n\t\t\t\t\t\t<\/div>\n\t\t\t\t<\/div>\n\t\t\t\t\t<\/div>\n\t\t<\/div>\n\t\t\t\t\t<\/div>\n\t\t<\/section>\n\t\t\t\t<section class=\"elementor-section elementor-top-section elementor-element elementor-element-fa9fae6 elementor-section-boxed elementor-section-height-default elementor-section-height-default\" data-id=\"fa9fae6\" data-element_type=\"section\" data-settings=\"{&quot;background_background&quot;:&quot;classic&quot;}\">\n\t\t\t\t\t\t<div class=\"elementor-container elementor-column-gap-default\">\n\t\t\t\t\t<div class=\"elementor-column elementor-col-50 elementor-top-column elementor-element elementor-element-6b2ee2f\" data-id=\"6b2ee2f\" data-element_type=\"column\" data-settings=\"{&quot;background_background&quot;:&quot;classic&quot;}\">\n\t\t\t<div class=\"elementor-widget-wrap elementor-element-populated\">\n\t\t\t\t\t\t<div class=\"elementor-element elementor-element-276bfd5 elementor-widget elementor-widget-spacer\" data-id=\"276bfd5\" data-element_type=\"widget\" data-widget_type=\"spacer.default\">\n\t\t\t\t<div class=\"elementor-widget-container\">\n\t\t\t\t\t\t\t<div class=\"elementor-spacer\">\n\t\t\t<div class=\"elementor-spacer-inner\"><\/div>\n\t\t<\/div>\n\t\t\t\t\t\t<\/div>\n\t\t\t\t<\/div>\n\t\t\t\t<div class=\"elementor-element elementor-element-3573cb5 elementor-widget elementor-widget-text-editor\" data-id=\"3573cb5\" data-element_type=\"widget\" data-widget_type=\"text-editor.default\">\n\t\t\t\t<div class=\"elementor-widget-container\">\n\t\t\t\t\t\t\t\t\t<p>Zawodowo specjalizuj\u0119 si\u0119 w mierzeniu, projektowaniu i podnoszeniu efektywno\u015bci organizacji. Tworz\u0119 innowacyjne, zinformatyzowane techniki zarz\u0105dzania.<br \/>Strategi\u0119 i jej operacjonalizacj\u0119 wdra\u017cam z wykorzystaniem metodyki <em>Rynku cel\u00f3w<br \/><\/em>Do monitorowania realizacji cel\u00f3w i zada\u0144 trudnomierzalnych stworzy\u0142em technik\u0119 o nazwie: <em>Zasada trzech wska\u017anik\u00f3w<\/em>.<br \/><em>Program zast\u0119powalno\u015bci<\/em> wykorzystuj\u0119 m.in. do planowania organizacji, projektowania potrzeb rekrutacyjnych, transfer\u00f3w wewn\u0119trznych i szkole\u0144.<br \/>W oparciu o zinformatyzowan\u0105 technik\u0119 <em>ValueView<\/em>\u00ae opracowuj\u0119 zakresy czynno\u015bci, systemy zarz\u0105dzania kompetencjami i optymalizuj\u0119 procesy pracy.<br \/>Specjalizuj\u0119 si\u0119 w polityce wynagrodzeniowej, kt\u00f3r\u0105 buduj\u0119 na bazie tabel zast\u0119powalno\u015bci i przy za\u0142o\u017ceniu, \u017ce wynagrodzenie powinno by\u0107 adekwatne do warto\u015bci wnoszonej przez pracownika a nie do jego potencja\u0142u lub kompetencji. Warto\u015b\u0107 pracy pracownik\u00f3w mierz\u0119, stworzon\u0105 przez siebie metod\u0105, ValueView\u00ae. T\u0105 sam\u0105 technik\u0105 licz\u0119 ROI HR (zwrot z inwestycji) z r\u00f3\u017cnego typu projekt\u00f3w i proces\u00f3w.<br \/>Specjalizuj\u0119 si\u0119 we wdra\u017caniu bezpremiowych system\u00f3w wynagradzania. Przeprowadzi\u0142em kilkana\u015bcie takich wdro\u017ce\u0144. Jestem specjalist\u0105 w zakresie mierzenia (wska\u017anikowania) wszystkiego co robi\u0105 i planuj\u0105 organizacje.<br \/>Prowadz\u0119 projekty w formule doradztwa oraz interim managementu. Doradza\u0142em kilkunastu najwi\u0119kszym bankom i instytucjom finansowym, wi\u0119kszo\u015bci najwi\u0119kszych firm energetycznych w Polsce, du\u017cym i \u015brednim firmom pa\u0144stwowym, ministerstwom, samorz\u0105dom oraz sp\u00f3\u0142kom komunalnym. Najwi\u0119ksz\u0105 satysfakcj\u0119 mam z doradzania firmom prywatnym r\u00f3\u017cnych bran\u017c.<\/p>\t\t\t\t\t\t\t\t<\/div>\n\t\t\t\t<\/div>\n\t\t\t\t\t<\/div>\n\t\t<\/div>\n\t\t\t\t<div class=\"elementor-column elementor-col-50 elementor-top-column elementor-element elementor-element-e329521\" data-id=\"e329521\" data-element_type=\"column\" data-settings=\"{&quot;background_background&quot;:&quot;classic&quot;}\">\n\t\t\t<div class=\"elementor-widget-wrap elementor-element-populated\">\n\t\t\t\t\t<div class=\"elementor-background-overlay\"><\/div>\n\t\t\t\t\t\t<div class=\"elementor-element elementor-element-4859923 elementor-invisible elementor-widget elementor-widget-image\" data-id=\"4859923\" data-element_type=\"widget\" data-settings=\"{&quot;_animation&quot;:&quot;fadeIn&quot;}\" data-widget_type=\"image.default\">\n\t\t\t\t<div class=\"elementor-widget-container\">\n\t\t\t\t\t\t\t\t\t\t\t\t\t\t\t<img fetchpriority=\"high\" decoding=\"async\" width=\"683\" height=\"1024\" src=\"http:\/\/reinfuss.pl\/wp-content\/uploads\/2020\/07\/808_9691w-683x1024.jpg\" class=\"attachment-large size-large wp-image-572\" alt=\"\" srcset=\"http:\/\/reinfuss.pl\/wp-content\/uploads\/2020\/07\/808_9691w-683x1024.jpg 683w, http:\/\/reinfuss.pl\/wp-content\/uploads\/2020\/07\/808_9691w-200x300.jpg 200w, http:\/\/reinfuss.pl\/wp-content\/uploads\/2020\/07\/808_9691w-768x1152.jpg 768w, http:\/\/reinfuss.pl\/wp-content\/uploads\/2020\/07\/808_9691w.jpg 1067w\" sizes=\"(max-width: 683px) 100vw, 683px\" \/>\t\t\t\t\t\t\t\t\t\t\t\t\t\t\t<\/div>\n\t\t\t\t<\/div>\n\t\t\t\t\t<\/div>\n\t\t<\/div>\n\t\t\t\t\t<\/div>\n\t\t<\/section>\n\t\t\t\t<section class=\"elementor-section elementor-top-section elementor-element elementor-element-8951b00 elementor-section-boxed elementor-section-height-default elementor-section-height-default\" data-id=\"8951b00\" data-element_type=\"section\" data-settings=\"{&quot;background_background&quot;:&quot;classic&quot;}\">\n\t\t\t\t\t\t<div class=\"elementor-container elementor-column-gap-default\">\n\t\t\t\t\t<div class=\"elementor-column elementor-col-100 elementor-top-column elementor-element elementor-element-9f94554\" data-id=\"9f94554\" data-element_type=\"column\">\n\t\t\t<div class=\"elementor-widget-wrap elementor-element-populated\">\n\t\t\t\t\t\t<div class=\"elementor-element elementor-element-0f5ce87 elementor-widget elementor-widget-spacer\" data-id=\"0f5ce87\" data-element_type=\"widget\" data-widget_type=\"spacer.default\">\n\t\t\t\t<div class=\"elementor-widget-container\">\n\t\t\t\t\t\t\t<div class=\"elementor-spacer\">\n\t\t\t<div class=\"elementor-spacer-inner\"><\/div>\n\t\t<\/div>\n\t\t\t\t\t\t<\/div>\n\t\t\t\t<\/div>\n\t\t\t\t\t<\/div>\n\t\t<\/div>\n\t\t\t\t\t<\/div>\n\t\t<\/section>\n\t\t\t\t<section class=\"elementor-section elementor-top-section elementor-element elementor-element-0c0bd7d elementor-section-boxed elementor-section-height-default elementor-section-height-default\" data-id=\"0c0bd7d\" data-element_type=\"section\" data-settings=\"{&quot;background_background&quot;:&quot;classic&quot;}\">\n\t\t\t\t\t\t<div class=\"elementor-container elementor-column-gap-default\">\n\t\t\t\t\t<div class=\"elementor-column elementor-col-100 elementor-top-column elementor-element elementor-element-3b8d6db\" data-id=\"3b8d6db\" data-element_type=\"column\">\n\t\t\t<div class=\"elementor-widget-wrap elementor-element-populated\">\n\t\t\t\t\t\t<div class=\"elementor-element elementor-element-bfc479f elementor-widget elementor-widget-spacer\" data-id=\"bfc479f\" data-element_type=\"widget\" data-widget_type=\"spacer.default\">\n\t\t\t\t<div class=\"elementor-widget-container\">\n\t\t\t\t\t\t\t<div class=\"elementor-spacer\">\n\t\t\t<div class=\"elementor-spacer-inner\"><\/div>\n\t\t<\/div>\n\t\t\t\t\t\t<\/div>\n\t\t\t\t<\/div>\n\t\t\t\t\t<\/div>\n\t\t<\/div>\n\t\t\t\t\t<\/div>\n\t\t<\/section>\n\t\t\t\t<\/div>\n\t\t","protected":false},"excerpt":{"rendered":"<p>Zawodowo specjalizuj\u0119 si\u0119 w mierzeniu, projektowaniu i podnoszeniu efektywno\u015bci organizacji. Tworz\u0119 innowacyjne, zinformatyzowane techniki zarz\u0105dzania.Strategi\u0119 i jej operacjonalizacj\u0119 wdra\u017cam z wykorzystaniem metodyki Rynku cel\u00f3wDo monitorowania realizacji cel\u00f3w i zada\u0144 trudnomierzalnych stworzy\u0142em technik\u0119 o nazwie: Zasada trzech wska\u017anik\u00f3w.Program zast\u0119powalno\u015bci wykorzystuj\u0119 m.in. do planowania organizacji, projektowania potrzeb rekrutacyjnych, transfer\u00f3w wewn\u0119trznych i szkole\u0144.W oparciu o zinformatyzowan\u0105 technik\u0119 ValueView\u00ae [&hellip;]<\/p>\n","protected":false},"author":1,"featured_media":0,"parent":0,"menu_order":0,"comment_status":"closed","ping_status":"open","template":"","meta":{"site-sidebar-layout":"no-sidebar","site-content-layout":"page-builder","ast-site-content-layout":"","site-content-style":"default","site-sidebar-style":"default","ast-global-header-display":"","ast-banner-title-visibility":"","ast-main-header-display":"","ast-hfb-above-header-display":"","ast-hfb-below-header-display":"","ast-hfb-mobile-header-display":"","site-post-title":"disabled","ast-breadcrumbs-content":"","ast-featured-img":"disabled","footer-sml-layout":"","theme-transparent-header-meta":"default","adv-header-id-meta":"","stick-header-meta":"","header-above-stick-meta":"","header-main-stick-meta":"","header-below-stick-meta":"","astra-migrate-meta-layouts":"default","ast-page-background-enabled":"default","ast-page-background-meta":{"desktop":{"background-color":"var(--ast-global-color-4)","background-image":"","background-repeat":"repeat","background-position":"center center","background-size":"auto","background-attachment":"scroll","background-type":"","background-media":"","overlay-type":"","overlay-color":"","overlay-opacity":"","overlay-gradient":""},"tablet":{"background-color":"","background-image":"","background-repeat":"repeat","background-position":"center center","background-size":"auto","background-attachment":"scroll","background-type":"","background-media":"","overlay-type":"","overlay-color":"","overlay-opacity":"","overlay-gradient":""},"mobile":{"background-color":"","background-image":"","background-repeat":"repeat","background-position":"center center","background-size":"auto","background-attachment":"scroll","background-type":"","background-media":"","overlay-type":"","overlay-color":"","overlay-opacity":"","overlay-gradient":""}},"ast-content-background-meta":{"desktop":{"background-color":"var(--ast-global-color-5)","background-image":"","background-repeat":"repeat","background-position":"center center","background-size":"auto","background-attachment":"scroll","background-type":"","background-media":"","overlay-type":"","overlay-color":"","overlay-opacity":"","overlay-gradient":""},"tablet":{"background-color":"var(--ast-global-color-5)","background-image":"","background-repeat":"repeat","background-position":"center center","background-size":"auto","background-attachment":"scroll","background-type":"","background-media":"","overlay-type":"","overlay-color":"","overlay-opacity":"","overlay-gradient":""},"mobile":{"background-color":"var(--ast-global-color-5)","background-image":"","background-repeat":"repeat","background-position":"center center","background-size":"auto","background-attachment":"scroll","background-type":"","background-media":"","overlay-type":"","overlay-color":"","overlay-opacity":"","overlay-gradient":""}},"footnotes":""},"class_list":["post-13","page","type-page","status-publish","hentry"],"_links":{"self":[{"href":"http:\/\/reinfuss.pl\/index.php\/wp-json\/wp\/v2\/pages\/13","targetHints":{"allow":["GET"]}}],"collection":[{"href":"http:\/\/reinfuss.pl\/index.php\/wp-json\/wp\/v2\/pages"}],"about":[{"href":"http:\/\/reinfuss.pl\/index.php\/wp-json\/wp\/v2\/types\/page"}],"author":[{"embeddable":true,"href":"http:\/\/reinfuss.pl\/index.php\/wp-json\/wp\/v2\/users\/1"}],"replies":[{"embeddable":true,"href":"http:\/\/reinfuss.pl\/index.php\/wp-json\/wp\/v2\/comments?post=13"}],"version-history":[{"count":36,"href":"http:\/\/reinfuss.pl\/index.php\/wp-json\/wp\/v2\/pages\/13\/revisions"}],"predecessor-version":[{"id":631,"href":"http:\/\/reinfuss.pl\/index.php\/wp-json\/wp\/v2\/pages\/13\/revisions\/631"}],"wp:attachment":[{"href":"http:\/\/reinfuss.pl\/index.php\/wp-json\/wp\/v2\/media?parent=13"}],"curies":[{"name":"wp","href":"https:\/\/api.w.org\/{rel}","templated":true}]}}